{"id":573,"date":"2025-05-27T09:48:20","date_gmt":"2025-05-27T07:48:20","guid":{"rendered":"http:\/\/serwer2427710.home.pl\/autoinstalator\/wordpress1\/?page_id=573"},"modified":"2025-06-04T08:28:34","modified_gmt":"2025-06-04T06:28:34","slug":"e-book","status":"publish","type":"page","link":"https:\/\/milewskimusic.com\/index.php\/e-book\/","title":{"rendered":"E-book"},"content":{"rendered":"\t\t<div data-elementor-type=\"wp-page\" data-elementor-id=\"573\" class=\"elementor elementor-573\">\n\t\t\t\t<div class=\"elementor-element elementor-element-c735844 e-flex e-con-boxed e-con e-parent\" data-id=\"c735844\" data-element_type=\"container\" data-settings=\"{&quot;background_background&quot;:&quot;classic&quot;}\">\n\t\t\t\t\t<div class=\"e-con-inner\">\n\t\t\t\t<div class=\"elementor-element elementor-element-c32eb6d elementor-widget elementor-widget-spacer\" data-id=\"c32eb6d\" data-element_type=\"widget\" data-widget_type=\"spacer.default\">\n\t\t\t\t<div class=\"elementor-widget-container\">\n\t\t\t\t\t\t\t<div class=\"elementor-spacer\">\n\t\t\t<div class=\"elementor-spacer-inner\"><\/div>\n\t\t<\/div>\n\t\t\t\t\t\t<\/div>\n\t\t\t\t<\/div>\n\t\t\t\t\t<\/div>\n\t\t\t\t<\/div>\n\t\t<div class=\"elementor-element elementor-element-97d8e0f e-flex e-con-boxed e-con e-parent\" data-id=\"97d8e0f\" data-element_type=\"container\" data-settings=\"{&quot;background_background&quot;:&quot;classic&quot;}\">\n\t\t\t\t\t<div class=\"e-con-inner\">\n\t\t\t\t<div class=\"elementor-element elementor-element-b876372 elementor-widget elementor-widget-spacer\" data-id=\"b876372\" data-element_type=\"widget\" data-widget_type=\"spacer.default\">\n\t\t\t\t<div class=\"elementor-widget-container\">\n\t\t\t\t\t\t\t<div class=\"elementor-spacer\">\n\t\t\t<div class=\"elementor-spacer-inner\"><\/div>\n\t\t<\/div>\n\t\t\t\t\t\t<\/div>\n\t\t\t\t<\/div>\n\t\t\t\t<div class=\"elementor-element elementor-element-507af70 elementor-widget elementor-widget-heading\" data-id=\"507af70\" data-element_type=\"widget\" data-widget_type=\"heading.default\">\n\t\t\t\t<div class=\"elementor-widget-container\">\n\t\t\t\t\t<h1 class=\"elementor-heading-title elementor-size-default\">E-BOOK<\/h1>\t\t\t\t<\/div>\n\t\t\t\t<\/div>\n\t\t\t\t\t<\/div>\n\t\t\t\t<\/div>\n\t\t<div class=\"elementor-element elementor-element-35e716a e-flex e-con-boxed e-con e-parent\" data-id=\"35e716a\" data-element_type=\"container\" data-settings=\"{&quot;background_background&quot;:&quot;classic&quot;}\">\n\t\t\t\t\t<div class=\"e-con-inner\">\n\t\t<div class=\"elementor-element elementor-element-8eb8616 e-con-full e-flex e-con e-child\" data-id=\"8eb8616\" data-element_type=\"container\">\n\t\t\t\t<div class=\"elementor-element elementor-element-fe3a1cf elementor-widget elementor-widget-text-editor\" data-id=\"fe3a1cf\" data-element_type=\"widget\" data-widget_type=\"text-editor.default\">\n\t\t\t\t<div class=\"elementor-widget-container\">\n\t\t\t\t\t\t\t\t\t<p class=\"font_7 wixui-rich-text__text\"><span class=\"wixui-rich-text__text\"><strong>\u201eProdukcja Muzyczna \u2013 Instrukcja Obs\u0142ugi\u201d<\/strong> to ponad trzydziestostronicowy, kompleksowy poradnik dla pocz\u0105tkuj\u0105cych producent\u00f3w muzycznych. Znajdziesz tu praktyczne wskaz\u00f3wki w pigu\u0142ce, niezb\u0119dne narz\u0119dzia, a tak\u017ce sprawdzone techniki, kt\u00f3re pomog\u0105 Ci rozwin\u0105\u0107 wiedz\u0119 na temat produkcji, miksu i masteringu. Niezale\u017cnie od gatunku, kt\u00f3ry tworzysz, ta ksi\u0105\u017cka pomo\u017ce Ci zg\u0142\u0119bi\u0107 i uporz\u0105dkowa\u0107 wiedz\u0119.<\/span><\/p><ul><li class=\"font_8 wixui-rich-text__text\">Kr\u00f3tki poradnik, do kt\u00f3rego zawsze mo\u017cesz si\u0119gn\u0105\u0107 \u2013 szybkie i praktyczne rozwi\u0105zania.<\/li><li class=\"font_8 wixui-rich-text__text\">Techniki miksu i masteringu wyja\u015bnione w prosty spos\u00f3b \u2013 bez zb\u0119dnej teorii, tylko skuteczne metody poprawy brzmienia.<\/li><li class=\"font_8 wixui-rich-text__text\">Praktyczne przyk\u0142ady i gotowe schematy \u2013 sprawdzone strategie, kt\u00f3re mo\u017cesz od razu zastosowa\u0107 w swoich projektach.<\/li><li class=\"font_8 wixui-rich-text__text\">Pomoc w unikaniu najcz\u0119stszych b\u0142\u0119d\u00f3w \u2013 dowiesz si\u0119, jak nie marnowa\u0107 godzin na poprawki i miksowa\u0107 szybciej.<\/li><li class=\"font_8 wixui-rich-text__text\">Wskaz\u00f3wki dotycz\u0105ce workflow i organizacji pracy \u2013 nauczysz si\u0119 efektywnie zarz\u0105dza\u0107 projektami i czasem.<\/li><li class=\"font_8 wixui-rich-text__text\">Idealny dla pocz\u0105tkuj\u0105cych \u00a0producent\u00f3w \u2013 wszystkie podstawowe wskaz\u00f3wki w jednym miejscu.<\/li><\/ul>\t\t\t\t\t\t\t\t<\/div>\n\t\t\t\t<\/div>\n\t\t\t\t<div class=\"elementor-element elementor-element-3b09028 elementor-widget elementor-widget-image\" data-id=\"3b09028\" data-element_type=\"widget\" data-widget_type=\"image.default\">\n\t\t\t\t<div class=\"elementor-widget-container\">\n\t\t\t\t\t\t\t\t\t\t\t\t\t\t\t<img decoding=\"async\" width=\"233\" height=\"67\" src=\"https:\/\/milewskimusic.com\/wp-content\/uploads\/2025\/05\/Zrzut-ekranu-2025-05-27-o-10.02.57.png\" class=\"attachment-large size-large wp-image-602\" alt=\"\" \/>\t\t\t\t\t\t\t\t\t\t\t\t\t\t\t<\/div>\n\t\t\t\t<\/div>\n\t\t\t\t<div class=\"elementor-element elementor-element-e488e90 elementor-align-center elementor-widget elementor-widget-button\" data-id=\"e488e90\" data-element_type=\"widget\" data-widget_type=\"button.default\">\n\t\t\t\t<div class=\"elementor-widget-container\">\n\t\t\t\t\t\t\t\t\t<div class=\"elementor-button-wrapper\">\n\t\t\t\t\t<a class=\"elementor-button elementor-button-link elementor-size-sm elementor-animation-shrink\" href=\"https:\/\/sklep.milewskimusic.com\" target=\"_blank\">\n\t\t\t\t\t\t<span class=\"elementor-button-content-wrapper\">\n\t\t\t\t\t\t\t\t\t<span class=\"elementor-button-text\">Dowiedz si\u0119 wi\u0119cej!<\/span>\n\t\t\t\t\t<\/span>\n\t\t\t\t\t<\/a>\n\t\t\t\t<\/div>\n\t\t\t\t\t\t\t\t<\/div>\n\t\t\t\t<\/div>\n\t\t\t\t<\/div>\n\t\t<div class=\"elementor-element elementor-element-c4e5727 e-con-full e-flex e-con e-child\" data-id=\"c4e5727\" data-element_type=\"container\">\n\t\t\t\t<div class=\"elementor-element elementor-element-8002205 elementor-widget elementor-widget-image\" data-id=\"8002205\" data-element_type=\"widget\" data-widget_type=\"image.default\">\n\t\t\t\t<div class=\"elementor-widget-container\">\n\t\t\t\t\t\t\t\t\t\t\t\t\t\t\t<img fetchpriority=\"high\" decoding=\"async\" width=\"519\" height=\"522\" src=\"https:\/\/milewskimusic.com\/wp-content\/uploads\/2025\/05\/29-pln.png.avif\" class=\"attachment-large size-large wp-image-580\" alt=\"\" srcset=\"https:\/\/milewskimusic.com\/wp-content\/uploads\/2025\/05\/29-pln.png.avif 519w, https:\/\/milewskimusic.com\/wp-content\/uploads\/2025\/05\/29-pln.png-298x300.avif 298w, https:\/\/milewskimusic.com\/wp-content\/uploads\/2025\/05\/29-pln.png-150x150.avif 150w\" sizes=\"(max-width: 519px) 100vw, 519px\" \/>\t\t\t\t\t\t\t\t\t\t\t\t\t\t\t<\/div>\n\t\t\t\t<\/div>\n\t\t\t\t<div class=\"elementor-element elementor-element-9eb1acc elementor-align-center elementor-widget elementor-widget-button\" data-id=\"9eb1acc\" data-element_type=\"widget\" data-widget_type=\"button.default\">\n\t\t\t\t<div class=\"elementor-widget-container\">\n\t\t\t\t\t\t\t\t\t<div class=\"elementor-button-wrapper\">\n\t\t\t\t\t<a class=\"elementor-button elementor-button-link elementor-size-sm elementor-animation-shrink\" href=\"https:\/\/www.empik.com\/produkcja-muzyczna-instrukcja-obslugi-krzysztof-milewski,p1588267342,ebooki-i-mp3-p\" target=\"_blank\">\n\t\t\t\t\t\t<span class=\"elementor-button-content-wrapper\">\n\t\t\t\t\t\t\t\t\t<span class=\"elementor-button-text\">Kup teraz na Empik.com<\/span>\n\t\t\t\t\t<\/span>\n\t\t\t\t\t<\/a>\n\t\t\t\t<\/div>\n\t\t\t\t\t\t\t\t<\/div>\n\t\t\t\t<\/div>\n\t\t\t\t<\/div>\n\t\t\t\t\t<\/div>\n\t\t\t\t<\/div>\n\t\t<div class=\"elementor-element elementor-element-cc1a5da e-flex e-con-boxed e-con e-parent\" data-id=\"cc1a5da\" data-element_type=\"container\" data-settings=\"{&quot;background_background&quot;:&quot;classic&quot;}\">\n\t\t\t\t\t<div class=\"e-con-inner\">\n\t\t\t\t<div class=\"elementor-element elementor-element-a91006f elementor-widget elementor-widget-spacer\" data-id=\"a91006f\" data-element_type=\"widget\" data-widget_type=\"spacer.default\">\n\t\t\t\t<div class=\"elementor-widget-container\">\n\t\t\t\t\t\t\t<div class=\"elementor-spacer\">\n\t\t\t<div class=\"elementor-spacer-inner\"><\/div>\n\t\t<\/div>\n\t\t\t\t\t\t<\/div>\n\t\t\t\t<\/div>\n\t\t\t\t\t<\/div>\n\t\t\t\t<\/div>\n\t\t\t\t<\/div>\n\t\t","protected":false},"excerpt":{"rendered":"<p>E-BOOK \u201eProdukcja Muzyczna \u2013 Instrukcja Obs\u0142ugi\u201d to ponad trzydziestostronicowy, kompleksowy poradnik dla pocz\u0105tkuj\u0105cych producent\u00f3w muzycznych. Znajdziesz tu praktyczne wskaz\u00f3wki w pigu\u0142ce, niezb\u0119dne narz\u0119dzia, a tak\u017ce sprawdzone techniki, kt\u00f3re pomog\u0105 Ci rozwin\u0105\u0107 wiedz\u0119 na temat produkcji, miksu i masteringu. Niezale\u017cnie od gatunku, kt\u00f3ry tworzysz, ta ksi\u0105\u017cka pomo\u017ce Ci zg\u0142\u0119bi\u0107 i uporz\u0105dkowa\u0107 wiedz\u0119. Kr\u00f3tki poradnik, do kt\u00f3rego [&hellip;]<\/p>\n","protected":false},"author":1,"featured_media":0,"parent":0,"menu_order":0,"comment_status":"closed","ping_status":"closed","template":"","meta":{"ocean_post_layout":"full-screen","ocean_both_sidebars_style":"","ocean_both_sidebars_content_width":0,"ocean_both_sidebars_sidebars_width":0,"ocean_sidebar":"","ocean_second_sidebar":"","ocean_disable_margins":"enable","ocean_add_body_class":"","ocean_shortcode_before_top_bar":"","ocean_shortcode_after_top_bar":"","ocean_shortcode_before_header":"","ocean_shortcode_after_header":"","ocean_has_shortcode":"","ocean_shortcode_after_title":"","ocean_shortcode_before_footer_widgets":"","ocean_shortcode_after_footer_widgets":"","ocean_shortcode_before_footer_bottom":"","ocean_shortcode_after_footer_bottom":"","ocean_display_top_bar":"off","ocean_display_header":"default","ocean_header_style":"","ocean_center_header_left_menu":"","ocean_custom_header_template":"","ocean_custom_logo":0,"ocean_custom_retina_logo":0,"ocean_custom_logo_max_width":0,"ocean_custom_logo_tablet_max_width":0,"ocean_custom_logo_mobile_max_width":0,"ocean_custom_logo_max_height":0,"ocean_custom_logo_tablet_max_height":0,"ocean_custom_logo_mobile_max_height":0,"ocean_header_custom_menu":"","ocean_menu_typo_font_family":"","ocean_menu_typo_font_subset":"","ocean_menu_typo_font_size":0,"ocean_menu_typo_font_size_tablet":0,"ocean_menu_typo_font_size_mobile":0,"ocean_menu_typo_font_size_unit":"px","ocean_menu_typo_font_weight":"","ocean_menu_typo_font_weight_tablet":"","ocean_menu_typo_font_weight_mobile":"","ocean_menu_typo_transform":"","ocean_menu_typo_transform_tablet":"","ocean_menu_typo_transform_mobile":"","ocean_menu_typo_line_height":0,"ocean_menu_typo_line_height_tablet":0,"ocean_menu_typo_line_height_mobile":0,"ocean_menu_typo_line_height_unit":"","ocean_menu_typo_spacing":0,"ocean_menu_typo_spacing_tablet":0,"ocean_menu_typo_spacing_mobile":0,"ocean_menu_typo_spacing_unit":"","ocean_menu_link_color":"","ocean_menu_link_color_hover":"","ocean_menu_link_color_active":"","ocean_menu_link_background":"","ocean_menu_link_hover_background":"","ocean_menu_link_active_background":"","ocean_menu_social_links_bg":"","ocean_menu_social_hover_links_bg":"","ocean_menu_social_links_color":"","ocean_menu_social_hover_links_color":"","ocean_disable_title":"on","ocean_disable_heading":"default","ocean_post_title":"","ocean_post_subheading":"","ocean_post_title_style":"","ocean_post_title_background_color":"","ocean_post_title_background":0,"ocean_post_title_bg_image_position":"","ocean_post_title_bg_image_attachment":"","ocean_post_title_bg_image_repeat":"","ocean_post_title_bg_image_size":"","ocean_post_title_height":0,"ocean_post_title_bg_overlay":0.5,"ocean_post_title_bg_overlay_color":"","ocean_disable_breadcrumbs":"default","ocean_breadcrumbs_color":"","ocean_breadcrumbs_separator_color":"","ocean_breadcrumbs_links_color":"","ocean_breadcrumbs_links_hover_color":"","ocean_display_footer_widgets":"on","ocean_display_footer_bottom":"on","ocean_custom_footer_template":"","footnotes":""},"class_list":["post-573","page","type-page","status-publish","hentry","entry"],"_links":{"self":[{"href":"https:\/\/milewskimusic.com\/index.php\/wp-json\/wp\/v2\/pages\/573","targetHints":{"allow":["GET"]}}],"collection":[{"href":"https:\/\/milewskimusic.com\/index.php\/wp-json\/wp\/v2\/pages"}],"about":[{"href":"https:\/\/milewskimusic.com\/index.php\/wp-json\/wp\/v2\/types\/page"}],"author":[{"embeddable":true,"href":"https:\/\/milewskimusic.com\/index.php\/wp-json\/wp\/v2\/users\/1"}],"replies":[{"embeddable":true,"href":"https:\/\/milewskimusic.com\/index.php\/wp-json\/wp\/v2\/comments?post=573"}],"version-history":[{"count":47,"href":"https:\/\/milewskimusic.com\/index.php\/wp-json\/wp\/v2\/pages\/573\/revisions"}],"predecessor-version":[{"id":736,"href":"https:\/\/milewskimusic.com\/index.php\/wp-json\/wp\/v2\/pages\/573\/revisions\/736"}],"wp:attachment":[{"href":"https:\/\/milewskimusic.com\/index.php\/wp-json\/wp\/v2\/media?parent=573"}],"curies":[{"name":"wp","href":"https:\/\/api.w.org\/{rel}","templated":true}]}}