{"id":550,"date":"2025-05-27T09:21:19","date_gmt":"2025-05-27T07:21:19","guid":{"rendered":"http:\/\/serwer2427710.home.pl\/autoinstalator\/wordpress1\/?page_id=550"},"modified":"2025-05-30T11:30:23","modified_gmt":"2025-05-30T09:30:23","slug":"media","status":"publish","type":"page","link":"https:\/\/milewskimusic.com\/index.php\/media\/","title":{"rendered":"Media"},"content":{"rendered":"\t\t<div data-elementor-type=\"wp-page\" data-elementor-id=\"550\" class=\"elementor elementor-550\">\n\t\t\t\t<div class=\"elementor-element elementor-element-6e773be e-flex e-con-boxed e-con e-parent\" data-id=\"6e773be\" data-element_type=\"container\" data-settings=\"{&quot;background_background&quot;:&quot;classic&quot;}\">\n\t\t\t\t\t<div class=\"e-con-inner\">\n\t\t\t\t<div class=\"elementor-element elementor-element-3c59cb7 elementor-widget elementor-widget-spacer\" data-id=\"3c59cb7\" data-element_type=\"widget\" data-widget_type=\"spacer.default\">\n\t\t\t\t<div class=\"elementor-widget-container\">\n\t\t\t\t\t\t\t<div class=\"elementor-spacer\">\n\t\t\t<div class=\"elementor-spacer-inner\"><\/div>\n\t\t<\/div>\n\t\t\t\t\t\t<\/div>\n\t\t\t\t<\/div>\n\t\t\t\t\t<\/div>\n\t\t\t\t<\/div>\n\t\t<div class=\"elementor-element elementor-element-b6bad36 e-flex e-con-boxed e-con e-parent\" data-id=\"b6bad36\" data-element_type=\"container\" data-settings=\"{&quot;background_background&quot;:&quot;classic&quot;}\">\n\t\t\t\t\t<div class=\"e-con-inner\">\n\t\t\t\t<div class=\"elementor-element elementor-element-abb3df7 elementor-widget elementor-widget-spacer\" data-id=\"abb3df7\" data-element_type=\"widget\" data-widget_type=\"spacer.default\">\n\t\t\t\t<div class=\"elementor-widget-container\">\n\t\t\t\t\t\t\t<div class=\"elementor-spacer\">\n\t\t\t<div class=\"elementor-spacer-inner\"><\/div>\n\t\t<\/div>\n\t\t\t\t\t\t<\/div>\n\t\t\t\t<\/div>\n\t\t\t\t\t<\/div>\n\t\t\t\t<\/div>\n\t\t<div class=\"elementor-element elementor-element-bfc8ea0 e-flex e-con-boxed e-con e-parent\" data-id=\"bfc8ea0\" data-element_type=\"container\" data-settings=\"{&quot;background_background&quot;:&quot;classic&quot;}\">\n\t\t\t\t\t<div class=\"e-con-inner\">\n\t\t\t\t<div class=\"elementor-element elementor-element-74dfa11 elementor-widget elementor-widget-heading\" data-id=\"74dfa11\" data-element_type=\"widget\" data-widget_type=\"heading.default\">\n\t\t\t\t<div class=\"elementor-widget-container\">\n\t\t\t\t\t<h1 class=\"elementor-heading-title elementor-size-default\">MEDIA<\/h1>\t\t\t\t<\/div>\n\t\t\t\t<\/div>\n\t\t\t\t\t<\/div>\n\t\t\t\t<\/div>\n\t\t<div class=\"elementor-element elementor-element-be25b01 e-flex e-con-boxed e-con e-parent\" data-id=\"be25b01\" data-element_type=\"container\" data-settings=\"{&quot;background_background&quot;:&quot;classic&quot;}\">\n\t\t\t\t\t<div class=\"e-con-inner\">\n\t\t\t\t<div class=\"elementor-element elementor-element-323680b elementor-widget elementor-widget-text-editor\" data-id=\"323680b\" data-element_type=\"widget\" data-widget_type=\"text-editor.default\">\n\t\t\t\t<div class=\"elementor-widget-container\">\n\t\t\t\t\t\t\t\t\t<p>Zak\u0142adka <strong data-start=\"9\" data-end=\"20\">&#8222;Media&#8221;<\/strong> to miejsce, w kt\u00f3rym mo\u017cesz zapozna\u0107 si\u0119 z wybranymi <strong data-start=\"74\" data-end=\"109\">demami moich produkcji muzycznych<\/strong>. Znajdziesz tu fragmenty utwor\u00f3w, nad kt\u00f3rymi pracowa\u0142em. To przestrze\u0144, kt\u00f3ra najlepiej oddaje moje brzmienie, styl pracy oraz jako\u015b\u0107 realizacji. Regularnie aktualizuj\u0119 zawarto\u015b\u0107, by\u015b m\u00f3g\u0142 \u015bledzi\u0107 moje najnowsze projekty i inspiracje.<\/p>\t\t\t\t\t\t\t\t<\/div>\n\t\t\t\t<\/div>\n\t\t\t\t<div class=\"elementor-element elementor-element-92b02d7 elementor-widget elementor-widget-music-player\" data-id=\"92b02d7\" data-element_type=\"widget\" data-widget_type=\"music-player.default\">\n\t\t\t\t<div class=\"elementor-widget-container\">\n\t\t\t\t\t<article id=\"arbitrary-instance-69e3770e3cc10\" class=\"iron_widget_radio playlist_enabled\"><div class=\"iron-audioplayer  show-playlist playlist_has_no_ctas skin_floated\" id=\"arbitrary-instance-69e3770e3cc10-aec75f4393\" data-id=\"arbitrary-instance-69e3770e3cc10\" data-track-sw-cursor=\"\" data-lazyload=\"\" data-albums=\"\" data-category=\"all\" data-url-playlist=\"https:\/\/milewskimusic.com\/?load=playlist.json&#038;title=&#038;albums=&#038;category=all&#038;posts_not_in=&#038;category_not_in=&#038;author=&#038;feed_title=&#038;feed=&#038;feed_img=&#038;el_widget_id=&#038;artwork=&#038;posts_per_pages=-1&#038;all_category=1&#038;single_playlist=&#038;reverse_tracklist=&#038;audio_meta_field=&#038;repeater_meta_field=&#038;import_file=&#038;rss_items=-1&#038;rss_item_title=&#038;is_favorite=&#038;is_recentlyplayed=&#038;srp_order=date_DESC\" data-sticky-player=\"\" data-shuffle=\"false\" data-playlist_title=\"\" data-scrollbar=\"\" data-wave-color=\"\" data-wave-progress-color=\"\" data-spectro=\"\" data-no-wave=\"\" data-hide-progressbar=\"\" data-progress-bar-style=\"\"data-feedurl=\"0\" data-notrackskip=\"\" data-no-loop-tracklist=\"\" data-playertemplate =\"skin_float_tracklist\" data-hide-artwork =\"\" data-speedrate=\"1\"  data-tracks-per-page=\"\" data-pagination_scroll_offset=\"\" data-total_items=\"1\" data-total_pages=\"0\" data-adaptive-colors=\"\" data-adaptive-colors-freeze=\"\" style=\"opacity:0;\"><div class=\"sonaar-grid\" ><div class=\"sonaar-Artwort-box \">\n                <div class=\"control\">\n                    \n                <\/div>\n                <div class=\"album\">\n                    <div class=\"album-art\">\n                        <img alt=\"album-art\">\n                    <\/div>\n                <\/div>\n                <\/div><div class=\"playlist sr_waveform_mediaElement\"  id=\"playlist_arbitrary-instance-69e3770e3cc10\"><h3 class=\"sr_it-playlist-title\"><\/h3><div class=\"srp_subtitle\"><\/div><div class=\"srp_tracklist\"><ul class=\"srp_list\"><li \n            class=\"sr-playlist-item\" \n            data-audiopath=\"https:\/\/milewskimusic.com\/wp-content\/uploads\/2025\/05\/Demo-001.mp3\"\n            data-showloading=\"1\"\n            data-albumTitle=\"Przyk\u0142adowe dema\"\n            data-albumArt=\"https:\/\/milewskimusic.com\/wp-content\/uploads\/2025\/05\/Zrzut-ekranu-2025-05-24-o-20.24.51-1024x1024.png\"\n            data-releasedate=\"\"\n            data-date=\"2025\/05\/30\"\n            data-date-formated=\"2025-05-30\"\n            data-show-date=\"\"\n            data-trackTitle=\"Demo 001\"\n            data-artist=\"\"\n            data-trackID=\"702\"\n            data-trackTime=\"0:47\"\n            data-relatedTrack=\"\"\n            data-post-url=\"\"\n            data-post-id=\"701\"\n            data-track-pos=\"0\"\n            data-peakFile=\"https:\/\/milewskimusic.com\/wp-content\/uploads\/audio_peaks\/702.peak\"\n            data-peakFile-allow=\"1\"\n            data-is-preview=\"\"\n            data-track-lyric=\"\" data-icecast_json=\"\" data-icecast_mount=\"\"><div class=\"sr-playlist-item-flex\"><span class=\"store-list\"><\/span><\/div><div class=\"srp_track_description\"><\/div><\/li><li \n            class=\"sr-playlist-item\" \n            data-audiopath=\"https:\/\/milewskimusic.com\/wp-content\/uploads\/2025\/05\/Demo-002.mp3\"\n            data-showloading=\"1\"\n            data-albumTitle=\"Przyk\u0142adowe dema\"\n            data-albumArt=\"https:\/\/milewskimusic.com\/wp-content\/uploads\/2025\/05\/Zrzut-ekranu-2025-05-24-o-20.24.51-1024x1024.png\"\n            data-releasedate=\"\"\n            data-date=\"2025\/05\/30\"\n            data-date-formated=\"2025-05-30\"\n            data-show-date=\"\"\n            data-trackTitle=\"Demo 002\"\n            data-artist=\"\"\n            data-trackID=\"703\"\n            data-trackTime=\"0:47\"\n            data-relatedTrack=\"\"\n            data-post-url=\"\"\n            data-post-id=\"701\"\n            data-track-pos=\"1\"\n            data-peakFile=\"https:\/\/milewskimusic.com\/wp-content\/uploads\/audio_peaks\/703.peak\"\n            data-peakFile-allow=\"1\"\n            data-is-preview=\"\"\n            data-track-lyric=\"\" data-icecast_json=\"\" data-icecast_mount=\"\"><div class=\"sr-playlist-item-flex\"><span class=\"store-list\"><\/span><\/div><div class=\"srp_track_description\"><\/div><\/li><li \n            class=\"sr-playlist-item\" \n            data-audiopath=\"https:\/\/milewskimusic.com\/wp-content\/uploads\/2025\/05\/Demo-003.mp3\"\n            data-showloading=\"1\"\n            data-albumTitle=\"Przyk\u0142adowe dema\"\n            data-albumArt=\"https:\/\/milewskimusic.com\/wp-content\/uploads\/2025\/05\/Zrzut-ekranu-2025-05-24-o-20.24.51-1024x1024.png\"\n            data-releasedate=\"\"\n            data-date=\"2025\/05\/30\"\n            data-date-formated=\"2025-05-30\"\n            data-show-date=\"\"\n            data-trackTitle=\"Demo 003\"\n            data-artist=\"\"\n            data-trackID=\"704\"\n            data-trackTime=\"0:40\"\n            data-relatedTrack=\"\"\n            data-post-url=\"\"\n            data-post-id=\"701\"\n            data-track-pos=\"2\"\n            data-peakFile=\"https:\/\/milewskimusic.com\/wp-content\/uploads\/audio_peaks\/704.peak\"\n            data-peakFile-allow=\"1\"\n            data-is-preview=\"\"\n            data-track-lyric=\"\" data-icecast_json=\"\" data-icecast_mount=\"\"><div class=\"sr-playlist-item-flex\"><span class=\"store-list\"><\/span><\/div><div class=\"srp_track_description\"><\/div><\/li><li \n            class=\"sr-playlist-item\" \n            data-audiopath=\"https:\/\/milewskimusic.com\/wp-content\/uploads\/2025\/05\/Demo-004.mp3\"\n            data-showloading=\"1\"\n            data-albumTitle=\"Przyk\u0142adowe dema\"\n            data-albumArt=\"https:\/\/milewskimusic.com\/wp-content\/uploads\/2025\/05\/Zrzut-ekranu-2025-05-24-o-20.24.51-1024x1024.png\"\n            data-releasedate=\"\"\n            data-date=\"2025\/05\/30\"\n            data-date-formated=\"2025-05-30\"\n            data-show-date=\"\"\n            data-trackTitle=\"Demo 004\"\n            data-artist=\"\"\n            data-trackID=\"705\"\n            data-trackTime=\"0:48\"\n            data-relatedTrack=\"\"\n            data-post-url=\"\"\n            data-post-id=\"701\"\n            data-track-pos=\"3\"\n            data-peakFile=\"https:\/\/milewskimusic.com\/wp-content\/uploads\/audio_peaks\/705.peak\"\n            data-peakFile-allow=\"1\"\n            data-is-preview=\"\"\n            data-track-lyric=\"\" data-icecast_json=\"\" data-icecast_mount=\"\"><div class=\"sr-playlist-item-flex\"><span class=\"store-list\"><\/span><\/div><div class=\"srp_track_description\"><\/div><\/li><li \n            class=\"sr-playlist-item\" \n            data-audiopath=\"https:\/\/milewskimusic.com\/wp-content\/uploads\/2025\/05\/Demo-005.mp3\"\n            data-showloading=\"1\"\n            data-albumTitle=\"Przyk\u0142adowe dema\"\n            data-albumArt=\"https:\/\/milewskimusic.com\/wp-content\/uploads\/2025\/05\/Zrzut-ekranu-2025-05-24-o-20.24.51-1024x1024.png\"\n            data-releasedate=\"\"\n            data-date=\"2025\/05\/30\"\n            data-date-formated=\"2025-05-30\"\n            data-show-date=\"\"\n            data-trackTitle=\"Demo 005\"\n            data-artist=\"\"\n            data-trackID=\"706\"\n            data-trackTime=\"1:04\"\n            data-relatedTrack=\"\"\n            data-post-url=\"\"\n            data-post-id=\"701\"\n            data-track-pos=\"4\"\n            data-peakFile=\"https:\/\/milewskimusic.com\/wp-content\/uploads\/audio_peaks\/706.peak\"\n            data-peakFile-allow=\"1\"\n            data-is-preview=\"\"\n            data-track-lyric=\"\" data-icecast_json=\"\" data-icecast_mount=\"\"><div class=\"sr-playlist-item-flex\"><span class=\"store-list\"><\/span><\/div><div class=\"srp_track_description\"><\/div><\/li><li \n            class=\"sr-playlist-item\" \n            data-audiopath=\"https:\/\/milewskimusic.com\/wp-content\/uploads\/2025\/05\/Demo-006.mp3\"\n            data-showloading=\"1\"\n            data-albumTitle=\"Przyk\u0142adowe dema\"\n            data-albumArt=\"https:\/\/milewskimusic.com\/wp-content\/uploads\/2025\/05\/Zrzut-ekranu-2025-05-24-o-20.24.51-1024x1024.png\"\n            data-releasedate=\"\"\n            data-date=\"2025\/05\/30\"\n            data-date-formated=\"2025-05-30\"\n            data-show-date=\"\"\n            data-trackTitle=\"Demo 006\"\n            data-artist=\"\"\n            data-trackID=\"707\"\n            data-trackTime=\"1:04\"\n            data-relatedTrack=\"\"\n            data-post-url=\"\"\n            data-post-id=\"701\"\n            data-track-pos=\"5\"\n            data-peakFile=\"https:\/\/milewskimusic.com\/wp-content\/uploads\/audio_peaks\/707.peak\"\n            data-peakFile-allow=\"1\"\n            data-is-preview=\"\"\n            data-track-lyric=\"\" data-icecast_json=\"\" data-icecast_mount=\"\"><div class=\"sr-playlist-item-flex\"><span class=\"store-list\"><\/span><\/div><div class=\"srp_track_description\"><\/div><\/li><li \n            class=\"sr-playlist-item\" \n            data-audiopath=\"https:\/\/milewskimusic.com\/wp-content\/uploads\/2025\/05\/Demo-007.mp3\"\n            data-showloading=\"1\"\n            data-albumTitle=\"Przyk\u0142adowe dema\"\n            data-albumArt=\"https:\/\/milewskimusic.com\/wp-content\/uploads\/2025\/05\/Zrzut-ekranu-2025-05-24-o-20.24.51-1024x1024.png\"\n            data-releasedate=\"\"\n            data-date=\"2025\/05\/30\"\n            data-date-formated=\"2025-05-30\"\n            data-show-date=\"\"\n            data-trackTitle=\"Demo 007\"\n            data-artist=\"\"\n            data-trackID=\"708\"\n            data-trackTime=\"1:04\"\n            data-relatedTrack=\"\"\n            data-post-url=\"\"\n            data-post-id=\"701\"\n            data-track-pos=\"6\"\n            data-peakFile=\"https:\/\/milewskimusic.com\/wp-content\/uploads\/audio_peaks\/708.peak\"\n            data-peakFile-allow=\"1\"\n            data-is-preview=\"\"\n            data-track-lyric=\"\" data-icecast_json=\"\" data-icecast_mount=\"\"><div class=\"sr-playlist-item-flex\"><span class=\"store-list\"><\/span><\/div><div class=\"srp_track_description\"><\/div><\/li><li \n            class=\"sr-playlist-item\" \n            data-audiopath=\"https:\/\/milewskimusic.com\/wp-content\/uploads\/2025\/05\/Demo-008.mp3\"\n            data-showloading=\"1\"\n            data-albumTitle=\"Przyk\u0142adowe dema\"\n            data-albumArt=\"https:\/\/milewskimusic.com\/wp-content\/uploads\/2025\/05\/Zrzut-ekranu-2025-05-24-o-20.24.51-1024x1024.png\"\n            data-releasedate=\"\"\n            data-date=\"2025\/05\/30\"\n            data-date-formated=\"2025-05-30\"\n            data-show-date=\"\"\n            data-trackTitle=\"Demo 008\"\n            data-artist=\"\"\n            data-trackID=\"709\"\n            data-trackTime=\"0:50\"\n            data-relatedTrack=\"\"\n            data-post-url=\"\"\n            data-post-id=\"701\"\n            data-track-pos=\"7\"\n            data-peakFile=\"https:\/\/milewskimusic.com\/wp-content\/uploads\/audio_peaks\/709.peak\"\n            data-peakFile-allow=\"1\"\n            data-is-preview=\"\"\n            data-track-lyric=\"\" data-icecast_json=\"\" data-icecast_mount=\"\"><div class=\"sr-playlist-item-flex\"><span class=\"store-list\"><\/span><\/div><div class=\"srp_track_description\"><\/div><\/li><li \n            class=\"sr-playlist-item\" \n            data-audiopath=\"https:\/\/milewskimusic.com\/wp-content\/uploads\/2025\/05\/Demo-008-1.mp3\"\n            data-showloading=\"1\"\n            data-albumTitle=\"Przyk\u0142adowe dema\"\n            data-albumArt=\"https:\/\/milewskimusic.com\/wp-content\/uploads\/2025\/05\/Zrzut-ekranu-2025-05-24-o-20.24.51-1024x1024.png\"\n            data-releasedate=\"\"\n            data-date=\"2025\/05\/30\"\n            data-date-formated=\"2025-05-30\"\n            data-show-date=\"\"\n            data-trackTitle=\"Demo 009\"\n            data-artist=\"\"\n            data-trackID=\"710\"\n            data-trackTime=\"0:56\"\n            data-relatedTrack=\"\"\n            data-post-url=\"\"\n            data-post-id=\"701\"\n            data-track-pos=\"8\"\n            data-peakFile=\"https:\/\/milewskimusic.com\/wp-content\/uploads\/audio_peaks\/710.peak\"\n            data-peakFile-allow=\"1\"\n            data-is-preview=\"\"\n            data-track-lyric=\"\" data-icecast_json=\"\" data-icecast_mount=\"\"><div class=\"sr-playlist-item-flex\"><span class=\"store-list\"><\/span><\/div><div class=\"srp_track_description\"><\/div><\/li><\/ul><\/div><\/div><\/div><div class=\"album-player sr_waveform_mediaElement\"><div class=\"srp_miniplayer_metas\"><div class=\" srp_meta srp_meta_0 track-title\" data-prefix=\"\" aria-label=\"Track title\"><\/div><\/div> <div class=\"player \" ><div class=\"sr_progressbar\">\n                \n            <div class=\"currentTime\">00:00<\/div>\n         \n                <div id=\"arbitrary-instance-69e3770e3cc10-17d5708fd9-wave\" class=\"wave\" >\n                 \n        <div class=\"sonaar_fake_wave\" style=\"height:70px\"> \n            <audio src=\"\" class=\"sonaar_media_element\"><\/audio> \n            <div class=\"sonaar_wave_base\"> \n                <canvas id=\"sonaar_wave_base_canvas\" class=\"\" height=\"70\" width=\"2540\"><\/canvas> \n                <svg><\/svg> \n            <\/div> \n            <div class=\"sonaar_wave_cut\"> \n                <canvas id=\"sonaar_wave_cut_canvas\" class=\"\" height=\"70\" width=\"2540\"><\/canvas> \n                <svg><\/svg> \n            <\/div> \n        <\/div> \n                <\/div>\n                \n            <div class=\"totalTime\"><\/div>\n         \n             <\/div><div class=\"srp_main_control srp_oneColumn\"><div class=\"control\"><div class=\"previous sricon-back\" style=\"opacity:0;\" aria-label=\"Previous Track\" title=\"Previous\"><\/div><div class=\"play\" style=\"opacity:0;\" aria-label=\"Play\" title=\"Play\/Pause\">\n                <i class=\"sricon-play\"><\/i>\n            <\/div><div class=\"next sricon-forward\" style=\"opacity:0;\" aria-label=\"Next Track\" title=\"Next \"><\/div><\/div><div class=\"control\"><\/div><\/div><\/div><\/div><div class=\"album-store\"><\/div><\/div><script id=\"srp_js_params_69e3770e3cc10\">\n        var srp_player_params_69e3770e3cc10 = {\"title\":\"\",\"store_title_text\":\"\",\"albums\":[],\"hide_artwork\":\"false\",\"sticky_player\":\"\",\"show_album_market\":\"false\",\"show_track_market\":\"true\",\"hide_timeline\":\"false\",\"elementor\":\"true\",\"tracks_per_page\":\"\",\"titletag_soundwave\":\"div\",\"titletag_playlist\":\"h3\",\"show_control_on_hover\":\"false\",\"show_playlist\":\"true\",\"reverse_tracklist\":\"\",\"wave_color\":\"\",\"wave_progress_color\":\"\",\"spectro\":\"\",\"shuffle\":\"\",\"searchbar\":\"\",\"searchbar_placeholder\":\"\",\"player_layout\":\"skin_float_tracklist\",\"artwork\":\"\",\"category\":\"all\",\"orderby\":\"date\",\"order\":\"DESC\",\"use_play_label_with_icon\":\"false\",\"main_settings\":\"||\"} \n        var srp_player_params_args_69e3770e3cc10 = {\"before_widget\":\"<article id=\\\"arbitrary-instance-69e3770e3cc10\\\" class=\\\"iron_widget_radio playlist_enabled\\\">\",\"after_widget\":\"<\\\/article>\",\"before_title\":\"<span class='heading-t3'><\\\/span><h3 class=\\\"widgettitle\\\">\",\"after_title\":\"<\\\/h3>\",\"widget_id\":\"arbitrary-instance-69e3770e3cc10\"}  \n        <\/script><script>if(typeof setIronAudioplayers !== \"undefined\"){ setIronAudioplayers(\"arbitrary-instance-69e3770e3cc10\"); }<\/script><\/article>\t\t\t\t<\/div>\n\t\t\t\t<\/div>\n\t\t\t\t<div class=\"elementor-element elementor-element-ce6016a elementor-widget elementor-widget-spacer\" data-id=\"ce6016a\" data-element_type=\"widget\" data-widget_type=\"spacer.default\">\n\t\t\t\t<div class=\"elementor-widget-container\">\n\t\t\t\t\t\t\t<div class=\"elementor-spacer\">\n\t\t\t<div class=\"elementor-spacer-inner\"><\/div>\n\t\t<\/div>\n\t\t\t\t\t\t<\/div>\n\t\t\t\t<\/div>\n\t\t\t\t\t<\/div>\n\t\t\t\t<\/div>\n\t\t\t\t<\/div>\n\t\t","protected":false},"excerpt":{"rendered":"<p>MEDIA Zak\u0142adka &#8222;Media&#8221; to miejsce, w kt\u00f3rym mo\u017cesz zapozna\u0107 si\u0119 z wybranymi demami moich produkcji muzycznych. Znajdziesz tu fragmenty utwor\u00f3w, nad kt\u00f3rymi pracowa\u0142em. To przestrze\u0144, kt\u00f3ra najlepiej oddaje moje brzmienie, styl pracy oraz jako\u015b\u0107 realizacji. Regularnie aktualizuj\u0119 zawarto\u015b\u0107, by\u015b m\u00f3g\u0142 \u015bledzi\u0107 moje najnowsze projekty i inspiracje.<\/p>\n","protected":false},"author":1,"featured_media":0,"parent":0,"menu_order":0,"comment_status":"closed","ping_status":"closed","template":"","meta":{"ocean_post_layout":"full-screen","ocean_both_sidebars_style":"","ocean_both_sidebars_content_width":0,"ocean_both_sidebars_sidebars_width":0,"ocean_sidebar":"","ocean_second_sidebar":"","ocean_disable_margins":"enable","ocean_add_body_class":"","ocean_shortcode_before_top_bar":"","ocean_shortcode_after_top_bar":"","ocean_shortcode_before_header":"","ocean_shortcode_after_header":"","ocean_has_shortcode":"","ocean_shortcode_after_title":"","ocean_shortcode_before_footer_widgets":"","ocean_shortcode_after_footer_widgets":"","ocean_shortcode_before_footer_bottom":"","ocean_shortcode_after_footer_bottom":"","ocean_display_top_bar":"off","ocean_display_header":"default","ocean_header_style":"","ocean_center_header_left_menu":"","ocean_custom_header_template":"","ocean_custom_logo":0,"ocean_custom_retina_logo":0,"ocean_custom_logo_max_width":0,"ocean_custom_logo_tablet_max_width":0,"ocean_custom_logo_mobile_max_width":0,"ocean_custom_logo_max_height":0,"ocean_custom_logo_tablet_max_height":0,"ocean_custom_logo_mobile_max_height":0,"ocean_header_custom_menu":"","ocean_menu_typo_font_family":"","ocean_menu_typo_font_subset":"","ocean_menu_typo_font_size":0,"ocean_menu_typo_font_size_tablet":0,"ocean_menu_typo_font_size_mobile":0,"ocean_menu_typo_font_size_unit":"px","ocean_menu_typo_font_weight":"","ocean_menu_typo_font_weight_tablet":"","ocean_menu_typo_font_weight_mobile":"","ocean_menu_typo_transform":"","ocean_menu_typo_transform_tablet":"","ocean_menu_typo_transform_mobile":"","ocean_menu_typo_line_height":0,"ocean_menu_typo_line_height_tablet":0,"ocean_menu_typo_line_height_mobile":0,"ocean_menu_typo_line_height_unit":"","ocean_menu_typo_spacing":0,"ocean_menu_typo_spacing_tablet":0,"ocean_menu_typo_spacing_mobile":0,"ocean_menu_typo_spacing_unit":"","ocean_menu_link_color":"","ocean_menu_link_color_hover":"","ocean_menu_link_color_active":"","ocean_menu_link_background":"","ocean_menu_link_hover_background":"","ocean_menu_link_active_background":"","ocean_menu_social_links_bg":"","ocean_menu_social_hover_links_bg":"","ocean_menu_social_links_color":"","ocean_menu_social_hover_links_color":"","ocean_disable_title":"on","ocean_disable_heading":"default","ocean_post_title":"","ocean_post_subheading":"","ocean_post_title_style":"","ocean_post_title_background_color":"","ocean_post_title_background":0,"ocean_post_title_bg_image_position":"","ocean_post_title_bg_image_attachment":"","ocean_post_title_bg_image_repeat":"","ocean_post_title_bg_image_size":"","ocean_post_title_height":0,"ocean_post_title_bg_overlay":0.5,"ocean_post_title_bg_overlay_color":"","ocean_disable_breadcrumbs":"default","ocean_breadcrumbs_color":"","ocean_breadcrumbs_separator_color":"","ocean_breadcrumbs_links_color":"","ocean_breadcrumbs_links_hover_color":"","ocean_display_footer_widgets":"on","ocean_display_footer_bottom":"default","ocean_custom_footer_template":"","footnotes":""},"class_list":["post-550","page","type-page","status-publish","hentry","entry"],"_links":{"self":[{"href":"https:\/\/milewskimusic.com\/index.php\/wp-json\/wp\/v2\/pages\/550","targetHints":{"allow":["GET"]}}],"collection":[{"href":"https:\/\/milewskimusic.com\/index.php\/wp-json\/wp\/v2\/pages"}],"about":[{"href":"https:\/\/milewskimusic.com\/index.php\/wp-json\/wp\/v2\/types\/page"}],"author":[{"embeddable":true,"href":"https:\/\/milewskimusic.com\/index.php\/wp-json\/wp\/v2\/users\/1"}],"replies":[{"embeddable":true,"href":"https:\/\/milewskimusic.com\/index.php\/wp-json\/wp\/v2\/comments?post=550"}],"version-history":[{"count":47,"href":"https:\/\/milewskimusic.com\/index.php\/wp-json\/wp\/v2\/pages\/550\/revisions"}],"predecessor-version":[{"id":717,"href":"https:\/\/milewskimusic.com\/index.php\/wp-json\/wp\/v2\/pages\/550\/revisions\/717"}],"wp:attachment":[{"href":"https:\/\/milewskimusic.com\/index.php\/wp-json\/wp\/v2\/media?parent=550"}],"curies":[{"name":"wp","href":"https:\/\/api.w.org\/{rel}","templated":true}]}}