{"id":13,"date":"2025-05-23T15:40:50","date_gmt":"2025-05-23T13:40:50","guid":{"rendered":"http:\/\/serwer2427710.home.pl\/autoinstalator\/wordpress1\/?page_id=13"},"modified":"2026-02-20T12:00:41","modified_gmt":"2026-02-20T11:00:41","slug":"cennik","status":"publish","type":"page","link":"https:\/\/milewskimusic.com\/index.php\/cennik\/","title":{"rendered":"Cennik"},"content":{"rendered":"\t\t<div data-elementor-type=\"wp-page\" data-elementor-id=\"13\" class=\"elementor elementor-13\">\n\t\t\t\t<div class=\"elementor-element elementor-element-6c74c4f e-flex e-con-boxed e-con e-parent\" data-id=\"6c74c4f\" data-element_type=\"container\" data-settings=\"{&quot;background_background&quot;:&quot;classic&quot;}\">\n\t\t\t\t\t<div class=\"e-con-inner\">\n\t\t\t\t<div class=\"elementor-element elementor-element-7c8ea30 elementor-widget elementor-widget-spacer\" data-id=\"7c8ea30\" data-element_type=\"widget\" data-widget_type=\"spacer.default\">\n\t\t\t\t<div class=\"elementor-widget-container\">\n\t\t\t\t\t\t\t<div class=\"elementor-spacer\">\n\t\t\t<div class=\"elementor-spacer-inner\"><\/div>\n\t\t<\/div>\n\t\t\t\t\t\t<\/div>\n\t\t\t\t<\/div>\n\t\t\t\t\t<\/div>\n\t\t\t\t<\/div>\n\t\t<div class=\"elementor-element elementor-element-d256cd6 e-flex e-con-boxed e-con e-parent\" data-id=\"d256cd6\" data-element_type=\"container\" data-settings=\"{&quot;background_background&quot;:&quot;classic&quot;}\">\n\t\t\t\t\t<div class=\"e-con-inner\">\n\t\t\t\t<div class=\"elementor-element elementor-element-2b92217 elementor-widget elementor-widget-spacer\" data-id=\"2b92217\" data-element_type=\"widget\" data-widget_type=\"spacer.default\">\n\t\t\t\t<div class=\"elementor-widget-container\">\n\t\t\t\t\t\t\t<div class=\"elementor-spacer\">\n\t\t\t<div class=\"elementor-spacer-inner\"><\/div>\n\t\t<\/div>\n\t\t\t\t\t\t<\/div>\n\t\t\t\t<\/div>\n\t\t\t\t<div class=\"elementor-element elementor-element-9a9ab1f elementor-widget elementor-widget-heading\" data-id=\"9a9ab1f\" data-element_type=\"widget\" data-widget_type=\"heading.default\">\n\t\t\t\t<div class=\"elementor-widget-container\">\n\t\t\t\t\t<h1 class=\"elementor-heading-title elementor-size-default\">CENNIK<\/h1>\t\t\t\t<\/div>\n\t\t\t\t<\/div>\n\t\t<div class=\"elementor-element elementor-element-c5d9a78 e-con-full e-flex e-con e-child\" data-id=\"c5d9a78\" data-element_type=\"container\">\n\t\t\t\t<div class=\"elementor-element elementor-element-87241a5 e-n-tabs-mobile elementor-widget elementor-widget-n-tabs\" data-id=\"87241a5\" data-element_type=\"widget\" data-settings=\"{&quot;horizontal_scroll&quot;:&quot;disable&quot;}\" data-widget_type=\"nested-tabs.default\">\n\t\t\t\t<div class=\"elementor-widget-container\">\n\t\t\t\t\t\t\t<div class=\"e-n-tabs\" data-widget-number=\"141705637\" aria-label=\"Tabs. Open items with Enter or Space, close with Escape and navigate using the Arrow keys.\">\n\t\t\t<div class=\"e-n-tabs-heading\" role=\"tablist\">\n\t\t\t\t\t<button id=\"e-n-tab-title-1417056371\" class=\"e-n-tab-title\" aria-selected=\"true\" data-tab-index=\"1\" role=\"tab\" tabindex=\"0\" aria-controls=\"e-n-tab-content-1417056371\" style=\"--n-tabs-title-order: 1;\">\n\t\t\t\t\t\t<span class=\"e-n-tab-title-text\">\n\t\t\t\tProdukcja utworu\t\t\t<\/span>\n\t\t<\/button>\n\t\t\t\t<button id=\"e-n-tab-title-1417056372\" class=\"e-n-tab-title\" aria-selected=\"false\" data-tab-index=\"2\" role=\"tab\" tabindex=\"-1\" aria-controls=\"e-n-tab-content-1417056372\" style=\"--n-tabs-title-order: 2;\">\n\t\t\t\t\t\t<span class=\"e-n-tab-title-text\">\n\t\t\t\tProdukcja utworu PRO\t\t\t<\/span>\n\t\t<\/button>\n\t\t\t\t<button id=\"e-n-tab-title-1417056373\" class=\"e-n-tab-title\" aria-selected=\"false\" data-tab-index=\"3\" role=\"tab\" tabindex=\"-1\" aria-controls=\"e-n-tab-content-1417056373\" style=\"--n-tabs-title-order: 3;\">\n\t\t\t\t\t\t<span class=\"e-n-tab-title-text\">\n\t\t\t\tMiks\t\t\t<\/span>\n\t\t<\/button>\n\t\t\t\t<button id=\"e-n-tab-title-1417056374\" class=\"e-n-tab-title\" aria-selected=\"false\" data-tab-index=\"4\" role=\"tab\" tabindex=\"-1\" aria-controls=\"e-n-tab-content-1417056374\" style=\"--n-tabs-title-order: 4;\">\n\t\t\t\t\t\t<span class=\"e-n-tab-title-text\">\n\t\t\t\tMastering\t\t\t<\/span>\n\t\t<\/button>\n\t\t\t\t\t<\/div>\n\t\t\t<div class=\"e-n-tabs-content\">\n\t\t\t\t<div id=\"e-n-tab-content-1417056371\" role=\"tabpanel\" aria-labelledby=\"e-n-tab-title-1417056371\" data-tab-index=\"1\" style=\"--n-tabs-title-order: 1;\" class=\"e-active elementor-element elementor-element-f3fce20 e-con-full e-flex e-con e-child\" data-id=\"f3fce20\" data-element_type=\"container\">\n\t\t\t\t<div class=\"elementor-element elementor-element-791c126 elementor-widget elementor-widget-text-editor\" data-id=\"791c126\" data-element_type=\"widget\" data-widget_type=\"text-editor.default\">\n\t\t\t\t<div class=\"elementor-widget-container\">\n\t\t\t\t\t\t\t\t\t<ul><li>Produkcja pe\u0142nego utworu w stylu klubowym, popowym lub innym (na bazie briefu lub inspiracji) z wykorzystaniem profesjonalnych wokali z licencjonowanych pakiet\u00f3w samplowych &#8211; <strong>1800 &#8211; 2300 PLN<\/strong><\/li><li>Miks i mastering w standardzie komercyjnym (radio, streaming, kluby)<\/li><li>Mo\u017cliwo\u015b\u0107 3 drobnych modyfikacji aran\u017cacyjnych<\/li><li>Eksport wersji: pe\u0142na, instrumentalna, karaoke, acapella<\/li><\/ul>\t\t\t\t\t\t\t\t<\/div>\n\t\t\t\t<\/div>\n\t\t\t\t<\/div>\n\t\t<div id=\"e-n-tab-content-1417056372\" role=\"tabpanel\" aria-labelledby=\"e-n-tab-title-1417056372\" data-tab-index=\"2\" style=\"--n-tabs-title-order: 2;\" class=\" elementor-element elementor-element-907265b e-con-full e-flex e-con e-child\" data-id=\"907265b\" data-element_type=\"container\">\n\t\t\t\t<div class=\"elementor-element elementor-element-75ff362 elementor-widget elementor-widget-text-editor\" data-id=\"75ff362\" data-element_type=\"widget\" data-widget_type=\"text-editor.default\">\n\t\t\t\t<div class=\"elementor-widget-container\">\n\t\t\t\t\t\t\t\t\t<ul><li>Kompozycja i produkcja muzyki od podstaw, zgodnie z briefem artysty &#8211; <strong>2800-3800 PLN ( z wykorzystaniem \u017cywych instrument\u00f3w)<\/strong><\/li><li>Profesjonalna sesja wokalna \u2013 mo\u017cliwo\u015b\u0107 nagrania wokalu (wsp\u00f3\u0142praca lokalna lub zdalna)<\/li><li>Miks i mastering w jako\u015bci komercyjnej (radio, streaming, TV)<\/li><li>Eksport wersji: full, instrumental, acapella, karaoke<\/li><li>Wsparcie w przygotowaniu utworu do dystrybucji (np. DistroKid, ReverbNation)<\/li><li>Mo\u017cliwo\u015b\u0107 3 poprawek aran\u017cacyjnych lub miksowych w cenie<\/li><\/ul>\t\t\t\t\t\t\t\t<\/div>\n\t\t\t\t<\/div>\n\t\t\t\t<\/div>\n\t\t<div id=\"e-n-tab-content-1417056373\" role=\"tabpanel\" aria-labelledby=\"e-n-tab-title-1417056373\" data-tab-index=\"3\" style=\"--n-tabs-title-order: 3;\" class=\" elementor-element elementor-element-9d5a969 e-con-full e-flex e-con e-child\" data-id=\"9d5a969\" data-element_type=\"container\">\n\t\t\t\t<div class=\"elementor-element elementor-element-8e7bb81 elementor-widget elementor-widget-text-editor\" data-id=\"8e7bb81\" data-element_type=\"widget\" data-widget_type=\"text-editor.default\">\n\t\t\t\t<div class=\"elementor-widget-container\">\n\t\t\t\t\t\t\t\t\t<ul><li>Pe\u0142ny miks utworu (do 30 \u015bcie\u017cek \u2013 ka\u017cda dodatkowa za dop\u0142at\u0105) &#8211; <strong>700 PLN<\/strong><\/li><li>Profesjonalny mastering gotowego miksu<\/li><li>Eksport wszystkich wersji: pe\u0142na, instrumental, acapella, karaoke 1\u20132 (poprawki brzmieniowe w cenie)<\/li><li>Weryfikacja kompatybilno\u015bci utworu z platformami streamingowymi (Spotify, Apple Music, YouTube)<\/li><\/ul>\t\t\t\t\t\t\t\t<\/div>\n\t\t\t\t<\/div>\n\t\t\t\t<\/div>\n\t\t<div id=\"e-n-tab-content-1417056374\" role=\"tabpanel\" aria-labelledby=\"e-n-tab-title-1417056374\" data-tab-index=\"4\" style=\"--n-tabs-title-order: 4;\" class=\" elementor-element elementor-element-4477825 e-flex e-con-boxed e-con e-child\" data-id=\"4477825\" data-element_type=\"container\">\n\t\t\t\t\t<div class=\"e-con-inner\">\n\t\t\t\t<div class=\"elementor-element elementor-element-2cac13f elementor-widget elementor-widget-text-editor\" data-id=\"2cac13f\" data-element_type=\"widget\" data-widget_type=\"text-editor.default\">\n\t\t\t\t<div class=\"elementor-widget-container\">\n\t\t\t\t\t\t\t\t\t<ul><li>Stereo mastering &#8211; <strong>150 PLN<\/strong><\/li><li>Steam mastering &#8211; <strong>200 PLN<\/strong><\/li><\/ul>\t\t\t\t\t\t\t\t<\/div>\n\t\t\t\t<\/div>\n\t\t\t\t\t<\/div>\n\t\t\t\t<\/div>\n\t\t\t\t\t<\/div>\n\t\t<\/div>\n\t\t\t\t\t\t<\/div>\n\t\t\t\t<\/div>\n\t\t\t\t<\/div>\n\t\t\t\t\t<\/div>\n\t\t\t\t<\/div>\n\t\t<div class=\"elementor-element elementor-element-9752c5a e-flex e-con-boxed e-con e-parent\" data-id=\"9752c5a\" data-element_type=\"container\" data-settings=\"{&quot;background_background&quot;:&quot;classic&quot;}\">\n\t\t\t\t\t<div class=\"e-con-inner\">\n\t\t<div class=\"elementor-element elementor-element-43e1268 e-con-full e-flex e-con e-child\" data-id=\"43e1268\" data-element_type=\"container\">\n\t\t\t\t<div class=\"elementor-element elementor-element-62f0c78 elementor-widget elementor-widget-image\" data-id=\"62f0c78\" data-element_type=\"widget\" data-widget_type=\"image.default\">\n\t\t\t\t<div class=\"elementor-widget-container\">\n\t\t\t\t\t\t\t\t\t\t\t\t\t\t\t<img fetchpriority=\"high\" decoding=\"async\" width=\"768\" height=\"764\" src=\"https:\/\/milewskimusic.com\/wp-content\/uploads\/2025\/05\/Zrzut-ekranu-2025-05-24-o-20.25.06-768x764.png\" class=\"attachment-medium_large size-medium_large wp-image-226\" alt=\"\" srcset=\"https:\/\/milewskimusic.com\/wp-content\/uploads\/2025\/05\/Zrzut-ekranu-2025-05-24-o-20.25.06-768x764.png 768w, https:\/\/milewskimusic.com\/wp-content\/uploads\/2025\/05\/Zrzut-ekranu-2025-05-24-o-20.25.06-300x298.png 300w, https:\/\/milewskimusic.com\/wp-content\/uploads\/2025\/05\/Zrzut-ekranu-2025-05-24-o-20.25.06-1024x1018.png 1024w, https:\/\/milewskimusic.com\/wp-content\/uploads\/2025\/05\/Zrzut-ekranu-2025-05-24-o-20.25.06-150x150.png 150w, https:\/\/milewskimusic.com\/wp-content\/uploads\/2025\/05\/Zrzut-ekranu-2025-05-24-o-20.25.06.png 1108w\" sizes=\"(max-width: 768px) 100vw, 768px\" \/>\t\t\t\t\t\t\t\t\t\t\t\t\t\t\t<\/div>\n\t\t\t\t<\/div>\n\t\t\t\t<\/div>\n\t\t<div class=\"elementor-element elementor-element-b338a30 e-con-full e-flex e-con e-child\" data-id=\"b338a30\" data-element_type=\"container\">\n\t\t\t\t<div class=\"elementor-element elementor-element-5ce306c elementor-widget elementor-widget-text-editor\" data-id=\"5ce306c\" data-element_type=\"widget\" data-widget_type=\"text-editor.default\">\n\t\t\t\t<div class=\"elementor-widget-container\">\n\t\t\t\t\t\t\t\t\t<p><strong>Pozosta\u0142e ceny produkcji niestandardowych utwor\u00f3w ustalane s\u0105 indywidualnie. Na cen\u0119 sk\u0142ada si\u0119 stopie\u0144 zaawansowania, ilo\u015b\u0107 pracy oraz styl muzyczny.\u00a0<\/strong><\/p><p data-start=\"111\" data-end=\"224\">Aby zapewni\u0107 najwy\u017cszy standard us\u0142ug i przejrzysto\u015b\u0107 na ka\u017cdym etapie wsp\u00f3\u0142pracy, obowi\u0105zuj\u0105 nast\u0119puj\u0105ce zasady:<\/p><ul data-start=\"226\" data-end=\"756\"><li data-start=\"226\" data-end=\"366\"><p data-start=\"228\" data-end=\"366\"><strong data-start=\"228\" data-end=\"237\">Umowa<\/strong> \u2013 ka\u017cda us\u0142uga realizowana jest na podstawie indywidualnej umowy, kt\u00f3ra jasno okre\u015bla zakres prac, terminy i warunki realizacji.<\/p><\/li><li data-start=\"367\" data-end=\"462\"><p data-start=\"369\" data-end=\"462\"><strong data-start=\"369\" data-end=\"381\">Zaliczka<\/strong> \u2013 przed rozpocz\u0119ciem prac pobieram zaliczk\u0119 w wysoko\u015bci <strong data-start=\"438\" data-end=\"461\">50% ustalonej kwoty<\/strong>.<\/p><\/li><li data-start=\"463\" data-end=\"607\"><p data-start=\"465\" data-end=\"607\"><strong data-start=\"465\" data-end=\"482\">Sta\u0142y kontakt<\/strong> \u2013 na ka\u017cdym etapie projektu pozostaj\u0119 w regularnym kontakcie z klientem, konsultuj\u0105c post\u0119py oraz wszelkie kluczowe decyzje.<\/p><\/li><li data-start=\"608\" data-end=\"756\"><p data-start=\"610\" data-end=\"756\"><strong data-start=\"610\" data-end=\"642\">Terminowo\u015b\u0107 i profesjonalizm<\/strong> \u2013 dok\u0142adam wszelkich stara\u0144, aby ka\u017cda realizacja by\u0142a dopracowana, dostarczona na czas i zgodna z oczekiwaniami.<\/p><\/li><\/ul><p data-start=\"758\" data-end=\"868\"><strong>Wsp\u00f3\u0142praca oparta na jasnych zasadach to gwarancja satysfakcji i skutecznej realizacji Twojej wizji muzycznej.<\/strong><\/p>\t\t\t\t\t\t\t\t<\/div>\n\t\t\t\t<\/div>\n\t\t\t\t<\/div>\n\t\t\t\t\t<\/div>\n\t\t\t\t<\/div>\n\t\t\t\t<\/div>\n\t\t","protected":false},"excerpt":{"rendered":"<p>CENNIK Produkcja utworu Produkcja utworu PRO Miks Mastering Produkcja pe\u0142nego utworu w stylu klubowym, popowym lub innym (na bazie briefu lub inspiracji) z wykorzystaniem profesjonalnych wokali z licencjonowanych pakiet\u00f3w samplowych &#8211; 1800 &#8211; 2300 PLN Miks i mastering w standardzie komercyjnym (radio, streaming, kluby) Mo\u017cliwo\u015b\u0107 3 drobnych modyfikacji aran\u017cacyjnych Eksport wersji: pe\u0142na, instrumentalna, karaoke, acapella [&hellip;]<\/p>\n","protected":false},"author":1,"featured_media":0,"parent":0,"menu_order":0,"comment_status":"closed","ping_status":"closed","template":"","meta":{"ocean_post_layout":"full-screen","ocean_both_sidebars_style":"","ocean_both_sidebars_content_width":0,"ocean_both_sidebars_sidebars_width":0,"ocean_sidebar":"","ocean_second_sidebar":"","ocean_disable_margins":"enable","ocean_add_body_class":"","ocean_shortcode_before_top_bar":"","ocean_shortcode_after_top_bar":"","ocean_shortcode_before_header":"","ocean_shortcode_after_header":"","ocean_has_shortcode":"","ocean_shortcode_after_title":"","ocean_shortcode_before_footer_widgets":"","ocean_shortcode_after_footer_widgets":"","ocean_shortcode_before_footer_bottom":"","ocean_shortcode_after_footer_bottom":"","ocean_display_top_bar":"off","ocean_display_header":"default","ocean_header_style":"","ocean_center_header_left_menu":"","ocean_custom_header_template":"","ocean_custom_logo":0,"ocean_custom_retina_logo":0,"ocean_custom_logo_max_width":0,"ocean_custom_logo_tablet_max_width":0,"ocean_custom_logo_mobile_max_width":0,"ocean_custom_logo_max_height":0,"ocean_custom_logo_tablet_max_height":0,"ocean_custom_logo_mobile_max_height":0,"ocean_header_custom_menu":"","ocean_menu_typo_font_family":"","ocean_menu_typo_font_subset":"","ocean_menu_typo_font_size":0,"ocean_menu_typo_font_size_tablet":0,"ocean_menu_typo_font_size_mobile":0,"ocean_menu_typo_font_size_unit":"px","ocean_menu_typo_font_weight":"","ocean_menu_typo_font_weight_tablet":"","ocean_menu_typo_font_weight_mobile":"","ocean_menu_typo_transform":"","ocean_menu_typo_transform_tablet":"","ocean_menu_typo_transform_mobile":"","ocean_menu_typo_line_height":0,"ocean_menu_typo_line_height_tablet":0,"ocean_menu_typo_line_height_mobile":0,"ocean_menu_typo_line_height_unit":"","ocean_menu_typo_spacing":0,"ocean_menu_typo_spacing_tablet":0,"ocean_menu_typo_spacing_mobile":0,"ocean_menu_typo_spacing_unit":"","ocean_menu_link_color":"","ocean_menu_link_color_hover":"","ocean_menu_link_color_active":"","ocean_menu_link_background":"","ocean_menu_link_hover_background":"","ocean_menu_link_active_background":"","ocean_menu_social_links_bg":"","ocean_menu_social_hover_links_bg":"","ocean_menu_social_links_color":"","ocean_menu_social_hover_links_color":"","ocean_disable_title":"on","ocean_disable_heading":"default","ocean_post_title":"","ocean_post_subheading":"","ocean_post_title_style":"","ocean_post_title_background_color":"","ocean_post_title_background":0,"ocean_post_title_bg_image_position":"","ocean_post_title_bg_image_attachment":"","ocean_post_title_bg_image_repeat":"","ocean_post_title_bg_image_size":"","ocean_post_title_height":0,"ocean_post_title_bg_overlay":0.5,"ocean_post_title_bg_overlay_color":"","ocean_disable_breadcrumbs":"default","ocean_breadcrumbs_color":"","ocean_breadcrumbs_separator_color":"","ocean_breadcrumbs_links_color":"","ocean_breadcrumbs_links_hover_color":"","ocean_display_footer_widgets":"on","ocean_display_footer_bottom":"on","ocean_custom_footer_template":"","footnotes":""},"class_list":["post-13","page","type-page","status-publish","hentry","entry"],"_links":{"self":[{"href":"https:\/\/milewskimusic.com\/index.php\/wp-json\/wp\/v2\/pages\/13","targetHints":{"allow":["GET"]}}],"collection":[{"href":"https:\/\/milewskimusic.com\/index.php\/wp-json\/wp\/v2\/pages"}],"about":[{"href":"https:\/\/milewskimusic.com\/index.php\/wp-json\/wp\/v2\/types\/page"}],"author":[{"embeddable":true,"href":"https:\/\/milewskimusic.com\/index.php\/wp-json\/wp\/v2\/users\/1"}],"replies":[{"embeddable":true,"href":"https:\/\/milewskimusic.com\/index.php\/wp-json\/wp\/v2\/comments?post=13"}],"version-history":[{"count":135,"href":"https:\/\/milewskimusic.com\/index.php\/wp-json\/wp\/v2\/pages\/13\/revisions"}],"predecessor-version":[{"id":834,"href":"https:\/\/milewskimusic.com\/index.php\/wp-json\/wp\/v2\/pages\/13\/revisions\/834"}],"wp:attachment":[{"href":"https:\/\/milewskimusic.com\/index.php\/wp-json\/wp\/v2\/media?parent=13"}],"curies":[{"name":"wp","href":"https:\/\/api.w.org\/{rel}","templated":true}]}}